{"id":64,"date":"2024-04-01T15:24:31","date_gmt":"2024-04-01T15:24:31","guid":{"rendered":"http:\/\/www.dishekimiburcinguler.com.tr\/?page_id=64"},"modified":"2025-08-28T08:50:34","modified_gmt":"2025-08-28T08:50:34","slug":"ana-sayfa-2","status":"publish","type":"page","link":"http:\/\/www.dishekimiburcinguler.com.tr\/?page_id=64","title":{"rendered":"ANA SAYFA"},"content":{"rendered":"\n<p><strong>Dt. Bur\u00e7in G\u00dcLER<\/strong> Karasu&#8217;nun Di\u015f Hekimi<\/p>\n\n\n\n<figure class=\"wp-block-image size-full\"><img loading=\"lazy\" decoding=\"async\" width=\"200\" height=\"200\" src=\"http:\/\/www.dishekimiburcinguler.com.tr\/wp-content\/uploads\/2024\/04\/image-2.png\" alt=\"\" class=\"wp-image-127\" srcset=\"http:\/\/www.dishekimiburcinguler.com.tr\/wp-content\/uploads\/2024\/04\/image-2.png 200w, http:\/\/www.dishekimiburcinguler.com.tr\/wp-content\/uploads\/2024\/04\/image-2-150x150.png 150w, http:\/\/www.dishekimiburcinguler.com.tr\/wp-content\/uploads\/2024\/04\/image-2-90x90.png 90w\" sizes=\"auto, (max-width: 200px) 100vw, 200px\" \/><\/figure>\n\n\n\n<h4 class=\"wp-block-heading\">\u260e\ufe0f0530 129 43 54<br>\ud83c\udf40 \u0130mplant<br>\ud83c\udf40 Ortodonti<br>\ud83c\udf40 Pedodonti<br>\ud83c\udf40 Kanal tedavisi<br>\ud83c\udf40 Periodontoloji<br>\ud83c\udf40 Di\u015f protezleri<br>\ud83c\udf40 Zirkonyum<br>\ud83c\udf40 Porselen kaplama<br>\ud83c\udf40 Cerrahi \u00e7ekim<\/h4>\n","protected":false},"excerpt":{"rendered":"<p>Dt. Bur\u00e7in G\u00dcLER Karasu&#8217;nun Di\u015f Hekimi \u260e\ufe0f0530 129 43 54\ud83c\udf40 \u0130mplant\ud83c\udf40 Ortodonti\ud83c\udf40 Pedodonti\ud83c\udf40 Kanal tedavisi\ud83c\udf40 Periodontoloji\ud83c\udf40 Di\u015f protezleri\ud83c\udf40 Zirkonyum\ud83c\udf40 Porselen<span class=\"exprt-dot\"><\/span><\/p>\n","protected":false},"author":1,"featured_media":0,"parent":0,"menu_order":0,"comment_status":"closed","ping_status":"closed","template":"","meta":{"footnotes":""},"class_list":["post-64","page","type-page","status-publish","hentry"],"_links":{"self":[{"href":"http:\/\/www.dishekimiburcinguler.com.tr\/index.php?rest_route=\/wp\/v2\/pages\/64","targetHints":{"allow":["GET"]}}],"collection":[{"href":"http:\/\/www.dishekimiburcinguler.com.tr\/index.php?rest_route=\/wp\/v2\/pages"}],"about":[{"href":"http:\/\/www.dishekimiburcinguler.com.tr\/index.php?rest_route=\/wp\/v2\/types\/page"}],"author":[{"embeddable":true,"href":"http:\/\/www.dishekimiburcinguler.com.tr\/index.php?rest_route=\/wp\/v2\/users\/1"}],"replies":[{"embeddable":true,"href":"http:\/\/www.dishekimiburcinguler.com.tr\/index.php?rest_route=%2Fwp%2Fv2%2Fcomments&post=64"}],"version-history":[{"count":3,"href":"http:\/\/www.dishekimiburcinguler.com.tr\/index.php?rest_route=\/wp\/v2\/pages\/64\/revisions"}],"predecessor-version":[{"id":128,"href":"http:\/\/www.dishekimiburcinguler.com.tr\/index.php?rest_route=\/wp\/v2\/pages\/64\/revisions\/128"}],"wp:attachment":[{"href":"http:\/\/www.dishekimiburcinguler.com.tr\/index.php?rest_route=%2Fwp%2Fv2%2Fmedia&parent=64"}],"curies":[{"name":"wp","href":"https:\/\/api.w.org\/{rel}","templated":true}]}}